{"id":25,"date":"2019-05-11T13:54:52","date_gmt":"2019-05-11T13:54:52","guid":{"rendered":"http:\/\/35.224.181.228\/?page_id=25"},"modified":"2019-06-08T16:48:05","modified_gmt":"2019-06-08T16:48:05","slug":"il-convento","status":"publish","type":"page","link":"https:\/\/conventodiacquapremula.com\/?page_id=25","title":{"rendered":"Il Convento"},"content":{"rendered":"<p>[vc_row css=&#8221;.vc_custom_1467909940133{margin: 0px !important;border-width: 0px !important;padding: 0px !important;}&#8221;][vc_column width=&#8221;1\/4&#8243; css=&#8221;.vc_custom_1467909967180{margin: 0px !important;border-width: 0px !important;padding: 0px !important;}&#8221;][vc_single_image image=&#8221;258&#8243; img_size=&#8221;400&#215;400&#8243; alignment=&#8221;center&#8221;][vc_single_image image=&#8221;22&#8243; img_size=&#8221;400&#215;400&#8243; alignment=&#8221;center&#8221;][vc_single_image image=&#8221;44&#8243; img_size=&#8221;400&#215;400&#8243; alignment=&#8221;center&#8221;][\/vc_column][vc_column width=&#8221;1\/4&#8243; css=&#8221;.vc_custom_1467909973926{margin: 0px !important;border-width: 0px !important;padding: 0px !important;}&#8221;][vc_single_image image=&#8221;259&#8243; img_size=&#8221;400&#215;400&#8243; alignment=&#8221;center&#8221;][vc_single_image image=&#8221;16&#8243; img_size=&#8221;400&#215;400&#8243; alignment=&#8221;center&#8221;][vc_single_image image=&#8221;38&#8243; img_size=&#8221;400&#215;400&#8243; alignment=&#8221;center&#8221;][\/vc_column][vc_column width=&#8221;1\/4&#8243; css=&#8221;.vc_custom_1467909980383{margin: 0px !important;border-width: 0px !important;padding: 0px !important;}&#8221;][vc_single_image image=&#8221;263&#8243; img_size=&#8221;400&#215;400&#8243; alignment=&#8221;center&#8221;][vc_single_image image=&#8221;14&#8243; img_size=&#8221;400&#215;400&#8243; alignment=&#8221;center&#8221;][vc_single_image image=&#8221;36&#8243; img_size=&#8221;400&#215;400&#8243; alignment=&#8221;center&#8221;][\/vc_column][vc_column width=&#8221;1\/4&#8243; css=&#8221;.vc_custom_1467909986840{margin: 0px !important;border-width: 0px !important;padding: 0px !important;}&#8221;][vc_single_image image=&#8221;265&#8243; img_size=&#8221;400&#215;400&#8243; alignment=&#8221;center&#8221;][vc_single_image image=&#8221;12&#8243; img_size=&#8221;400&#215;400&#8243; alignment=&#8221;center&#8221;][vc_single_image image=&#8221;32&#8243; img_size=&#8221;400&#215;400&#8243; alignment=&#8221;center&#8221;][\/vc_column][\/vc_row][vc_row][vc_column][vc_empty_space height=&#8221;30px&#8221;][\/vc_column][\/vc_row][vc_row][vc_column width=&#8221;1\/3&#8243;][\/vc_column][vc_column width=&#8221;1\/3&#8243; css=&#8221;.vc_custom_1467906635591{border: 14px solid #ffffff !important;}&#8221;][vc_column_text]_<\/p>\n<p><b>IL CONVENTO DI<br \/>\nACQUAPREMULA<\/b><\/p>\n<p>&nbsp;<\/p>\n<p style=\"font-weight: 400;\">La\u00a0<em>villa<\/em>, situata sul versante sinistro della Valle del Vigi,<em>\u00a0<\/em>prende il nome da una antica sorgente,\u00a0<em>Acqua<\/em>\u00a0<em>Premula<\/em>, utilizzata per secoli nella calcolosi, malattia chiamata dalla popolazione del luogo\u00a0<em>Premiti<\/em>.<\/p>\n<p style=\"font-weight: 400;\">L\u2019acqua, che scaturisce da una fenditura della roccia, dal 1974 viene imbottigliata con il marchio commerciale FONTE TVLLIA.<\/p>\n<p style=\"font-weight: 400;\">Intorno all\u2019anno 1000, nella\u00a0<em>villa<\/em>\u00a0sorgeva l\u2019oratorio di una cella monastica dedicata a San Nicola di Bari, culto introdotto in Valnerina dai monaci siriani ed orientali (<em>San Nicolaus Acquae Premulae vel Primulae Vallis Vigi<\/em>).<\/p>\n<p style=\"font-weight: 400;\">Sin dall\u2019alto medioevo si hanno notizie di una intensa vita monastica in questo luogo, sotto la guida di un abate. Da questo deriv\u00f2 non solo un consistente sviluppo delle attivit\u00e0 economiche e degli insediamenti, ma anche un inevitabile incremento dell\u2019ordine ecclesiastico, favorendo la nascita di nuove sedi pievane.<\/p>\n<p style=\"font-weight: 400;\">Successivamente, nel 1115, il Vescovo di Spoleto, Enrico Gualfredo, don\u00f2 l\u2019oratorio, comprensivo dei possedimenti e dei diritti decimali, all\u2019Abate benedettino Leto; l\u2019oratorio pass\u00f2 cos\u00ec ai monaci benedettini di Sant\u2019Eutizio di Valcastoriana.<\/p>\n<p style=\"font-weight: 400;\">Conferma dell\u2019avvenuta donazione si ha nel 1253 in una Bolla del Vescovo Bartolomeo Accoramboni e nel 1424 da Papa Martino.<\/p>\n<p style=\"font-weight: 400;\">Risalgono al periodo benedettino la cripta bizantina e la Chiesa Romanica.<\/p>\n<p style=\"font-weight: 400;\">In\u00a0<em>Visita Lascaris\u00a0<\/em>del 10 settembre 1713, Mons. Lascaris, allora Vescovo di Spoleto, ricordando le origini di San Nicola di Acqua Premula, riferisce anche che in quell\u2019eremo, alla fine del V secolo, vi si era rifugiato San Severino, prima di assumere la dignit\u00e0 episcopale.<\/p>\n<p style=\"font-weight: 400;\">A met\u00e0 del XVI secolo, i Benedettini donarono la Chiesa a Frati Cappuccini. Le prime testimonianze risalgono al 1568.<\/p>\n<p style=\"font-weight: 400;\">I Cappuccini, a partire dal 1624, costruirono il Convento, accanto alla chiesa esistente. Ultimati i lavori, il luogo prese il nome di\u00a0<em>Convento di Acqua Premula<\/em>, su disposizione del ministro provinciale.<\/p>\n<p style=\"font-weight: 400;\">La ristrutturazione prosegu\u00ec fino al 1652, quando Papa Innocenzo X proclam\u00f2 una soppressione provvisoria causa l\u2019esiguo numero dei frati. Con molta probabilit\u00e0 il Convento si ripopol\u00f2 nel 1655, immediatamente dopo la morte del Papa.<\/p>\n<p style=\"font-weight: 400;\">Nel 1663, interventi strutturali rilevanti riguardano l\u2019orientamento e, quindi, l\u2019ingresso della Chiesa, l\u2019abside e la costruzione di una cappella laterale. Segu\u00ec la costruzione dell\u2019arco del Sancta Sanctorum e i pilastri della volta nel 1673.<\/p>\n<p style=\"font-weight: 400;\">I registri dell\u2019antico Convento ci tramandano numerose notizie sull\u2019assidua frequentazione di questi luoghi da parte di chierici e laici per\u00a0<em>bagnature\u00a0<\/em>o per\u00a0<em>passare le acque<\/em>.<\/p>\n<p style=\"font-weight: 400;\">La vita del Convento cess\u00f2 con l\u2019abbandono dopo la repressione del 1882. La propriet\u00e0 dello stesso pass\u00f2 al Comune di Sellano che, nel 1895, lo alien\u00f2 ad un notaio padovano. Nel 1915, la propriet\u00e0 passo a due abitanti del luogo e, infine, nel 1964, ormai in evidente stato di abbandono, la famiglia Tulli lo acquist\u00f2 e lo ristruttur\u00f2.<\/p>\n<p>[\/vc_column_text][vc_column_text]<\/p>\n<h2><a href=\"http:\/\/35.224.181.228\"><strong>&lt;<\/strong><\/a><\/h2>\n<p>[\/vc_column_text][\/vc_column][vc_column width=&#8221;1\/3&#8243;][\/vc_column][\/vc_row]<\/p>\n","protected":false},"excerpt":{"rendered":"<p>[vc_row css=&#8221;.vc_custom_1467909940133{margin: 0px !important;border-width: 0px !important;padding: 0px !important;}&#8221;][vc_column width=&#8221;1\/4&#8243; css=&#8221;.vc_custom_1467909967180{margin: 0px !important;border-width: 0px !important;padding: 0px !important;}&#8221;][vc_single_image image=&#8221;258&#8243; img_size=&#8221;400&#215;400&#8243; alignment=&#8221;center&#8221;][vc_single_image image=&#8221;22&#8243; img_size=&#8221;400&#215;400&#8243; alignment=&#8221;center&#8221;][vc_single_image image=&#8221;44&#8243; img_size=&#8221;400&#215;400&#8243; alignment=&#8221;center&#8221;][\/vc_column][vc_column width=&#8221;1\/4&#8243; css=&#8221;.vc_custom_1467909973926{margin: 0px !important;border-width: 0px !important;padding: 0px !important;}&#8221;][vc_single_image image=&#8221;259&#8243; img_size=&#8221;400&#215;400&#8243; alignment=&#8221;center&#8221;][vc_single_image image=&#8221;16&#8243; img_size=&#8221;400&#215;400&#8243; alignment=&#8221;center&#8221;][vc_single_image image=&#8221;38&#8243; img_size=&#8221;400&#215;400&#8243; alignment=&#8221;center&#8221;][\/vc_column][vc_column width=&#8221;1\/4&#8243; css=&#8221;.vc_custom_1467909980383{margin: 0px !important;border-width: 0px !important;padding: 0px !important;}&#8221;][vc_single_image image=&#8221;263&#8243; img_size=&#8221;400&#215;400&#8243; alignment=&#8221;center&#8221;][vc_single_image image=&#8221;14&#8243; img_size=&#8221;400&#215;400&#8243; &hellip;<\/p>\n","protected":false},"author":1,"featured_media":0,"parent":0,"menu_order":0,"comment_status":"closed","ping_status":"closed","template":"","meta":[],"_links":{"self":[{"href":"https:\/\/conventodiacquapremula.com\/index.php?rest_route=\/wp\/v2\/pages\/25"}],"collection":[{"href":"https:\/\/conventodiacquapremula.com\/index.php?rest_route=\/wp\/v2\/pages"}],"about":[{"href":"https:\/\/conventodiacquapremula.com\/index.php?rest_route=\/wp\/v2\/types\/page"}],"author":[{"embeddable":true,"href":"https:\/\/conventodiacquapremula.com\/index.php?rest_route=\/wp\/v2\/users\/1"}],"replies":[{"embeddable":true,"href":"https:\/\/conventodiacquapremula.com\/index.php?rest_route=%2Fwp%2Fv2%2Fcomments&post=25"}],"version-history":[{"count":8,"href":"https:\/\/conventodiacquapremula.com\/index.php?rest_route=\/wp\/v2\/pages\/25\/revisions"}],"predecessor-version":[{"id":276,"href":"https:\/\/conventodiacquapremula.com\/index.php?rest_route=\/wp\/v2\/pages\/25\/revisions\/276"}],"wp:attachment":[{"href":"https:\/\/conventodiacquapremula.com\/index.php?rest_route=%2Fwp%2Fv2%2Fmedia&parent=25"}],"curies":[{"name":"wp","href":"https:\/\/api.w.org\/{rel}","templated":true}]}}