{"id":343,"date":"2020-02-07T21:13:58","date_gmt":"2020-02-07T21:13:58","guid":{"rendered":"http:\/\/conventodiacquapremula.com\/?page_id=343"},"modified":"2020-02-07T21:18:40","modified_gmt":"2020-02-07T21:18:40","slug":"passeggiate","status":"publish","type":"page","link":"https:\/\/conventodiacquapremula.com\/?page_id=343","title":{"rendered":"Passeggiate"},"content":{"rendered":"<p>[vc_row][vc_column][vc_empty_space height=&#8221;30px&#8221;][vc_single_image image=&#8221;355&#8243; img_size=&#8221;1200&#215;800&#8243; alignment=&#8221;center&#8221;][vc_single_image image=&#8221;357&#8243; img_size=&#8221;1200&#215;800&#8243; alignment=&#8221;center&#8221;][vc_empty_space height=&#8221;30px&#8221;][\/vc_column][\/vc_row][vc_row][vc_column width=&#8221;2\/3&#8243;][vc_column_text]_<\/p>\n<p><b>MONTI SIBILLINI \u2013 CANYON DELLE LAME ROSSE<\/b><\/p>\n<p><span style=\"font-weight: 400;\">Facile escursione per arrivare a toccare con mano le formazioni rocciose del canyon delle Lame Rosse, il pi\u00f9 suggestivo dei Monti Sibillini, con i suoi pinnacoli che al tramonto si infiammano e, perch\u00e9 no, per rilassarsi al ritorno passeggiando brevemente lungo le sponde del cristallino lago di Fiastra.<\/span><\/p>\n<p>&nbsp;<\/p>\n<p><b>ANELLO DI GAVELLI<\/b><\/p>\n<p><span style=\"font-weight: 400;\">L\u2019area del monte Coscerno, alle cui falde sorge il paesino di Gavelli, \u00e8 una zona ricca di fauna e non \u00e8 raro imbattersi nell\u2019aquila che volteggia sopra le nostre teste o vedere i tritoni nuotare nell\u2019omonimo laghetto. La camminata, adatta a chi ha un minimo allenamento, porta a scoprire panorami suggestivi fin oltre i Monti Sibillini e angoli nascosti ma ricchissimi di natura.<\/span><\/p>\n<p>&nbsp;<\/p>\n<p><b>ANELLO DEL MONTE VELETTA<\/b><\/p>\n<p><span style=\"font-weight: 400;\">Nonostante le ferite del terremoto, Castelluccio non \u00e8 mai stato abbandonato e la forza e l\u2019amore dei suoi abitanti, resistenti come le stesse montagne, rimangono salde. Il facile percorso ci porter\u00e0 ad ammirare dall\u2019alto il paese e il suo famoso Pian Grande e a perderci alla vista delle montagne magiche che, come dice il nome stesso, sono il regno incontrastato della Maga Sibilla.<\/span><\/p>\n<p>&nbsp;<\/p>\n<p><b>LA FIORITURA DI CASTELLUCCIO<\/b><\/p>\n<p><span style=\"font-weight: 400;\">Famosa ovunque, la fioritura dei Piani di Castelluccio \u00e8 un concerto di colori disposti in forme geometriche che, nei mesi di giugno e fino a met\u00e0 luglio, dipinge questa zona come nessun altro luogo. Ci addentreremo per viottoli e tratturi, scegliendo di volta in volta il sentiero migliore per ammirare da vicino lo spettacolo, abbracciati tra Castelluccio e il Monte Redentore.<\/span><\/p>\n<p>&nbsp;<\/p>\n<p><b>MONTESANTO E LA CASCATA DE LE ROTE<\/b><\/p>\n<p><span style=\"font-weight: 400;\">A volte basta davvero poco per arrivare a scoprire dei luoghi che sono vicini ma spesso ignorati, seppur suggestivi. Montesanto \u00e8 uno di questi. Borgo fortificato, conserva ancora la cinta muraria che lo rende riconoscibile da lontano. Il percorso, adatto a chi possieda un minimo allenamento su sentieri, ci porter\u00e0 ad attraversare il borgo per poi ridiscendere seguendo (e attraversando) il torrente Le Rote, che pi\u00f9 a valle, quasi ad anello completato, forma le omonime cascate di travertino.<\/span><\/p>\n<p>&nbsp;<\/p>\n<p><b>MONTE MURLO E CASALE SALIERE<\/b><\/p>\n<p><span style=\"font-weight: 400;\">Il preappennino \u00e8 spesso ignorato, mentre invece i suoi sentieri riservano spesso sorprese. Non lontano da Visso, il paese di Fematre ospita una chiesa (attualmente inagibile) che viene definita \u201cla Cappella Sistina degli appennini\u201d per la qualit\u00e0 dei suoi affreschi. Fematre \u00e8 punto di partenza della nostra escursione, un piccolo anello che ci condurr\u00e0 alle falde del Monte Fema, presso cui sorge una Riserva Naturale Integrale, per poi fermarci a fare merenda ad un antico casale di pastori appena riaperto e chiudere cos\u00ec il giro in uno dei posti a torto meno conosciuti della Valnerina.<\/span><\/p>\n<p>&nbsp;<\/p>\n<p><b>IL BORGO ABBANDONATO DI SENSATI<\/b><\/p>\n<p><span style=\"font-weight: 400;\">Camminata facile ma con dislivello che ci condurr\u00e0 a scoprire il borgo di Sensati, piccolo paesino appollaiato su un bellissimo balcone naturale affacciato sulla media Valnerina. Il percorso si snoda lungo uno storico sentiero (il \u201cSentiero di Pio IX) e si affaccia su una suggestiva forra, intercettando in un punto una deliziosa cascata di acqua purissima. Al ritorno \u00e8 anche possibile fermarsi al paese di Pontuglia ed ammirare da vicino il mulino a grano ed olio di epoca medievale.<\/span><\/p>\n<p>&nbsp;<\/p>\n<p><b>RASIGLIA E PALE<\/b><\/p>\n<p><span style=\"font-weight: 400;\">Il borgo di Rasiglia non ha bisogno di presentazioni\u2026Definito la \u201cpiccola Venezia dell\u2019Umbria\u201d \u00e8 interamente costruito su sorgenti che sono state nei secoli sfruttate sia nei mulni, per macinare i cereali, sia per lavare la lana che poi veniva tessuta in telai, tradizione che permane tutt\u2019oggi. Pale, poco lontano, \u00e8 un luogo famoso per il suo eremo medievale scolpito nella roccia viva a cui si accede inerpicandosi per sentiero e per le sue cascate, continuazione del torrente di Rasiglia, che formano giochi di acqua e creano un microhabitat particolare e unico nella zona.<\/span><\/p>\n<p>&nbsp;<\/p>\n<p><b>IL SENTIERO DEGLI ULIVI<\/b><\/p>\n<p><span style=\"font-weight: 400;\">L\u2019Umbria \u00e8 regione di olivi. E l\u2019olivo trova la sua massima espressione lungo il percorso chiamato appunto \u201cSentiero degli Ulivi\u201d, che dal borgo di Trevi porta fino a Spoleto. Il percorso attraversa, su carrarecce e strade, interi pendii argentati, a volo d\u2019uccello sopra la sottostante Valle Umbra e passa attraverso paesi cinti da mura medievali di ineguagliabile bellezza. La camminata, adatta a tutti, \u00e8 una traversata, che tocca pi\u00f9 paesi tutti accomunati dalla ricchezza del loro \u201coro verde\u201d.<\/span><\/p>\n<div class=\"wpb_column vc_column_container vc_col-sm-6\"><\/div>\n<p>[\/vc_column_text][vc_column_text]<\/p>\n<h2><a href=\"http:\/\/35.224.181.228\"><strong>&lt;<\/strong><\/a><\/h2>\n<p>[\/vc_column_text][\/vc_column][vc_column width=&#8221;1\/3&#8243;][\/vc_column][\/vc_row]<\/p>\n","protected":false},"excerpt":{"rendered":"<p>[vc_row][vc_column][vc_empty_space height=&#8221;30px&#8221;][vc_single_image image=&#8221;355&#8243; img_size=&#8221;1200&#215;800&#8243; alignment=&#8221;center&#8221;][vc_single_image image=&#8221;357&#8243; img_size=&#8221;1200&#215;800&#8243; alignment=&#8221;center&#8221;][vc_empty_space height=&#8221;30px&#8221;][\/vc_column][\/vc_row][vc_row][vc_column width=&#8221;2\/3&#8243;][vc_column_text]_ MONTI SIBILLINI \u2013 CANYON DELLE LAME ROSSE Facile escursione per arrivare a toccare con mano le formazioni rocciose del canyon delle Lame Rosse, il pi\u00f9 suggestivo dei Monti Sibillini, con i suoi pinnacoli che al tramonto si infiammano e, perch\u00e9 no, per rilassarsi al ritorno &hellip;<\/p>\n","protected":false},"author":1,"featured_media":0,"parent":0,"menu_order":0,"comment_status":"closed","ping_status":"closed","template":"","meta":[],"_links":{"self":[{"href":"https:\/\/conventodiacquapremula.com\/index.php?rest_route=\/wp\/v2\/pages\/343"}],"collection":[{"href":"https:\/\/conventodiacquapremula.com\/index.php?rest_route=\/wp\/v2\/pages"}],"about":[{"href":"https:\/\/conventodiacquapremula.com\/index.php?rest_route=\/wp\/v2\/types\/page"}],"author":[{"embeddable":true,"href":"https:\/\/conventodiacquapremula.com\/index.php?rest_route=\/wp\/v2\/users\/1"}],"replies":[{"embeddable":true,"href":"https:\/\/conventodiacquapremula.com\/index.php?rest_route=%2Fwp%2Fv2%2Fcomments&post=343"}],"version-history":[{"count":3,"href":"https:\/\/conventodiacquapremula.com\/index.php?rest_route=\/wp\/v2\/pages\/343\/revisions"}],"predecessor-version":[{"id":358,"href":"https:\/\/conventodiacquapremula.com\/index.php?rest_route=\/wp\/v2\/pages\/343\/revisions\/358"}],"wp:attachment":[{"href":"https:\/\/conventodiacquapremula.com\/index.php?rest_route=%2Fwp%2Fv2%2Fmedia&parent=343"}],"curies":[{"name":"wp","href":"https:\/\/api.w.org\/{rel}","templated":true}]}}