{"id":82,"date":"2019-05-11T15:18:51","date_gmt":"2019-05-11T15:18:51","guid":{"rendered":"http:\/\/35.224.181.228\/?page_id=82"},"modified":"2019-07-03T09:13:53","modified_gmt":"2019-07-03T09:13:53","slug":"camere-classic","status":"publish","type":"page","link":"https:\/\/conventodiacquapremula.com\/?page_id=82","title":{"rendered":"Camere classic"},"content":{"rendered":"<p>[vc_row][vc_column][vc_empty_space height=&#8221;30px&#8221;][vc_single_image image=&#8221;268&#8243; img_size=&#8221;1200&#215;800&#8243; alignment=&#8221;center&#8221;][vc_single_image image=&#8221;267&#8243; img_size=&#8221;1200&#215;800&#8243; alignment=&#8221;center&#8221;][vc_empty_space height=&#8221;30px&#8221;][\/vc_column][\/vc_row][vc_row][vc_column width=&#8221;2\/3&#8243;][vc_column_text]<\/p>\n<p><b>CAMERE<br \/>\nCLASSIC<\/b><\/p>\n<p>&nbsp;<\/p>\n<p>Le camere Classic mantengono la semplicit\u00e0 e il fascino delle celle dei frati. La loro bellezza \u00e8 nella essenzialit\u00e0 che non sacrifica il comfort e il piacere del vostro soggiorno.<u><\/u><u><\/u><\/p>\n<div class=\"wpb_column vc_column_container vc_col-sm-6\"><\/div>\n<p>[\/vc_column_text][vc_column_text]_<\/p>\n<div class=\"vc_row wpb_row vc_row-fluid\">\n<div class=\"wpb_column vc_column_container vc_col-sm-12\">\n<div class=\"vc_column-inner \">\n<div class=\"wpb_wrapper\">\n<div class=\"wpb_text_column wpb_content_element \">\n<div class=\"wpb_wrapper\">\n<div class=\"wrapper\">\n<div class=\"vc_row wpb_row vc_row-fluid\">\n<div class=\"wpb_column vc_column_container vc_col-sm-12\">\n<div class=\"vc_column-inner \">\n<div class=\"wpb_wrapper\">\n<div class=\"wpb_text_column wpb_content_element \">\n<div class=\"wpb_wrapper\">\n<p><strong>Servizi in camera<\/strong><br \/>\nTV LED 22\u2033 a schermo piatto, cassaforte per computer portatile, minibar, bollitore, asciugacapelli, biancheria realizzata a mano, porta valigia trolley realizzati da artigiani locali, testiere in ferro battuto realizzati da artigiani locali.<\/p>\n<\/div>\n<\/div>\n<\/div>\n<\/div>\n<\/div>\n<\/div>\n<div class=\"vc_row wpb_row vc_row-fluid\">\n<div class=\"wpb_column vc_column_container vc_col-sm-12\">\n<div class=\"vc_column-inner \">\n<div class=\"wpb_wrapper\">\n<div class=\"wpb_text_column wpb_content_element \">\n<div class=\"wpb_wrapper\">\n<div class=\"vc_row wpb_row vc_row-fluid\">\n<div class=\"wpb_column vc_column_container vc_col-sm-12\">\n<div class=\"vc_column-inner \">\n<div class=\"wpb_wrapper\">\n<div class=\"wpb_text_column wpb_content_element \">\n<div class=\"wpb_wrapper\">\n<p><em>Ogni stanza della vecchia struttura prende il nome da un frate che fu custode del convento dal 1596 al 1877.<\/em><\/p>\n<\/div>\n<\/div>\n<\/div>\n<\/div>\n<\/div>\n<\/div>\n<\/div>\n<\/div>\n<\/div>\n<\/div>\n<\/div>\n<\/div>\n<div class=\"vc_row wpb_row vc_row-fluid\">\n<div class=\"wpb_column vc_column_container vc_col-sm-6\">\n<div class=\"vc_column-inner \">\n<div class=\"wpb_wrapper\">\n<div class=\"wpb_text_column wpb_content_element \">\n<div class=\"wpb_wrapper\">\n<p>Camera Classic<strong><br \/>\nPadre Fedele da Campi<br \/>\n<\/strong>Doppia o matrimoniale \u2013 8 mq<br \/>\nSoffitto in legno<br \/>\nVista parco<\/p>\n<p>&nbsp;<\/p>\n<\/div>\n<\/div>\n<\/div>\n<\/div>\n<\/div>\n<div class=\"wpb_column vc_column_container vc_col-sm-6\">\n<div class=\"vc_column-inner \">\n<div class=\"wpb_wrapper\">\n<div class=\"wpb_text_column wpb_content_element \">\n<div class=\"wpb_wrapper\">\n<p><span class=\"hps\">Camera Classic<strong><br \/>\nPadre Bernardo da Ussita<br \/>\n<\/strong>Doppia o matrimoniale \u2013 8 mq<br \/>\nSoffitto in legno<br \/>\nVista parco<br \/>\n<\/span><\/p>\n<p>&nbsp;<\/p>\n<\/div>\n<\/div>\n<\/div>\n<\/div>\n<\/div>\n<\/div>\n<div class=\"vc_row wpb_row vc_row-fluid\">\n<div class=\"wpb_column vc_column_container vc_col-sm-6\">\n<div class=\"vc_column-inner \">\n<div class=\"wpb_wrapper\">\n<div class=\"wpb_text_column wpb_content_element \">\n<div class=\"wpb_wrapper\">\n<p><span class=\"hps\">Camera Classic<strong><br \/>\nPadre Emidio da Abeto<br \/>\n<\/strong>Doppia o matrimoniale \u2013 8 mq<br \/>\nSoffitto in legno<br \/>\nVista parco<br \/>\n<\/span><\/p>\n<p>&nbsp;<\/p>\n<\/div>\n<\/div>\n<\/div>\n<\/div>\n<\/div>\n<div class=\"wpb_column vc_column_container vc_col-sm-6\">\n<div class=\"vc_column-inner \">\n<div class=\"wpb_wrapper\">\n<div class=\"wpb_text_column wpb_content_element \">\n<div class=\"wpb_wrapper\">\n<p><span class=\"hps\">Camera Classic<strong><br \/>\nPadre Bonifacio da Ferentillo<br \/>\n<\/strong>Matrimoniale \u2013 8 mq<br \/>\nLetto alla francese<br \/>\nSoffitto in legno<br \/>\nVista parco<br \/>\n<\/span><\/p>\n<\/div>\n<\/div>\n<\/div>\n<\/div>\n<\/div>\n<\/div>\n<\/div>\n<div class=\"wrapper-small\"><\/div>\n<\/div>\n<\/div>\n<\/div>\n<\/div>\n<\/div>\n<\/div>\n<p>[\/vc_column_text][vc_column_text]<\/p>\n<h2><a href=\"http:\/\/35.224.181.228\"><strong>&lt;<\/strong><\/a><\/h2>\n<p>[\/vc_column_text][\/vc_column][vc_column width=&#8221;1\/3&#8243;][\/vc_column][\/vc_row]<\/p>\n","protected":false},"excerpt":{"rendered":"<p>[vc_row][vc_column][vc_empty_space height=&#8221;30px&#8221;][vc_single_image image=&#8221;268&#8243; img_size=&#8221;1200&#215;800&#8243; alignment=&#8221;center&#8221;][vc_single_image image=&#8221;267&#8243; img_size=&#8221;1200&#215;800&#8243; alignment=&#8221;center&#8221;][vc_empty_space height=&#8221;30px&#8221;][\/vc_column][\/vc_row][vc_row][vc_column width=&#8221;2\/3&#8243;][vc_column_text] CAMERE CLASSIC &nbsp; Le camere Classic mantengono la semplicit\u00e0 e il fascino delle celle dei frati. La loro bellezza \u00e8 nella essenzialit\u00e0 che non sacrifica il comfort e il piacere del vostro soggiorno. [\/vc_column_text][vc_column_text]_ Servizi in camera TV LED 22\u2033 a schermo piatto, cassaforte per &hellip;<\/p>\n","protected":false},"author":1,"featured_media":0,"parent":0,"menu_order":0,"comment_status":"closed","ping_status":"closed","template":"","meta":[],"_links":{"self":[{"href":"https:\/\/conventodiacquapremula.com\/index.php?rest_route=\/wp\/v2\/pages\/82"}],"collection":[{"href":"https:\/\/conventodiacquapremula.com\/index.php?rest_route=\/wp\/v2\/pages"}],"about":[{"href":"https:\/\/conventodiacquapremula.com\/index.php?rest_route=\/wp\/v2\/types\/page"}],"author":[{"embeddable":true,"href":"https:\/\/conventodiacquapremula.com\/index.php?rest_route=\/wp\/v2\/users\/1"}],"replies":[{"embeddable":true,"href":"https:\/\/conventodiacquapremula.com\/index.php?rest_route=%2Fwp%2Fv2%2Fcomments&post=82"}],"version-history":[{"count":11,"href":"https:\/\/conventodiacquapremula.com\/index.php?rest_route=\/wp\/v2\/pages\/82\/revisions"}],"predecessor-version":[{"id":312,"href":"https:\/\/conventodiacquapremula.com\/index.php?rest_route=\/wp\/v2\/pages\/82\/revisions\/312"}],"wp:attachment":[{"href":"https:\/\/conventodiacquapremula.com\/index.php?rest_route=%2Fwp%2Fv2%2Fmedia&parent=82"}],"curies":[{"name":"wp","href":"https:\/\/api.w.org\/{rel}","templated":true}]}}