{"id":90,"date":"2019-05-11T15:28:49","date_gmt":"2019-05-11T15:28:49","guid":{"rendered":"http:\/\/35.224.181.228\/?page_id=90"},"modified":"2019-06-08T17:09:52","modified_gmt":"2019-06-08T17:09:52","slug":"contatti","status":"publish","type":"page","link":"https:\/\/conventodiacquapremula.com\/?page_id=90","title":{"rendered":"Contatti"},"content":{"rendered":"<p>[vc_row][vc_column width=&#8221;1\/4&#8243;][\/vc_column][vc_column width=&#8221;1\/2&#8243;][vc_column_text]IL CONVENTO DI ACQUA PREMULA, si trova in localit\u00e0 Cappuccini, 1 \u2013 06030 Sellano PG. Il servizio ristorante presso LA FORESTERIA, per gli alloggiati, \u00e8 disponibile tutti i giorni dalle 12:00 alle 15:00 e dalle 19:00 alle 22:00.\u00a0 Chiamaci al numero 0039 0743 926663 o prenota direttamente da qui. Scrivi la Tua richiesta e Ti risponderemo al pi\u00f9 presto.[\/vc_column_text][\/vc_column][vc_column width=&#8221;1\/4&#8243;][\/vc_column][\/vc_row][vc_row][vc_column][vc_empty_space height=&#8221;30px&#8221;][\/vc_column][\/vc_row][vc_row][vc_column width=&#8221;1\/4&#8243;][\/vc_column][vc_column width=&#8221;1\/2&#8243;]<div role=\"form\" class=\"wpcf7\" id=\"wpcf7-f6-o1\" lang=\"en-US\" dir=\"ltr\">\n<div class=\"screen-reader-response\"><p role=\"status\" aria-live=\"polite\" aria-atomic=\"true\"><\/p> <ul><\/ul><\/div>\n<form action=\"\/index.php?rest_route=%2Fwp%2Fv2%2Fpages%2F90#wpcf7-f6-o1\" method=\"post\" class=\"wpcf7-form init\" novalidate=\"novalidate\" data-status=\"init\">\n<div style=\"display: none;\">\n<input type=\"hidden\" name=\"_wpcf7\" value=\"6\" \/>\n<input type=\"hidden\" name=\"_wpcf7_version\" value=\"5.4.1\" \/>\n<input type=\"hidden\" name=\"_wpcf7_locale\" value=\"en_US\" \/>\n<input type=\"hidden\" name=\"_wpcf7_unit_tag\" value=\"wpcf7-f6-o1\" \/>\n<input type=\"hidden\" name=\"_wpcf7_container_post\" value=\"0\" \/>\n<input type=\"hidden\" name=\"_wpcf7_posted_data_hash\" value=\"\" \/>\n<\/div>\n<p>Nome<br \/>\n    <span class=\"wpcf7-form-control-wrap your-name\"><input type=\"text\" name=\"your-name\" value=\"\" size=\"40\" class=\"wpcf7-form-control wpcf7-text wpcf7-validates-as-required\" aria-required=\"true\" aria-invalid=\"false\" \/><\/span> <\/p>\n<p>Email<br \/>\n    <span class=\"wpcf7-form-control-wrap your-email\"><input type=\"email\" name=\"your-email\" value=\"\" size=\"40\" class=\"wpcf7-form-control wpcf7-text wpcf7-email wpcf7-validates-as-required wpcf7-validates-as-email\" aria-required=\"true\" aria-invalid=\"false\" \/><\/span> <\/p>\n<p>Oggetto<br \/>\n    <span class=\"wpcf7-form-control-wrap your-subject\"><input type=\"text\" name=\"your-subject\" value=\"\" size=\"40\" class=\"wpcf7-form-control wpcf7-text\" aria-invalid=\"false\" \/><\/span> <\/p>\n<p>Message<br \/>\n    <span class=\"wpcf7-form-control-wrap your-message\"><textarea name=\"your-message\" cols=\"40\" rows=\"10\" class=\"wpcf7-form-control wpcf7-textarea\" aria-invalid=\"false\"><\/textarea><\/span> <\/p>\n<p><span class=\"wpcf7-form-control-wrap acceptance-519\"><span class=\"wpcf7-form-control wpcf7-acceptance\"><span class=\"wpcf7-list-item\"><label><input type=\"checkbox\" name=\"acceptance-519\" value=\"1\" aria-invalid=\"false\" \/><span class=\"wpcf7-list-item-label\">INFORMATIVA PRIVACY\n\nTulli Ospitalit\u00e0 S.r.l., in persona del legale rapp.te p.t., con sede in Loc. Sant\u2019Angelo 3\/4 - 06030 Sellano (Pg) \u2013 Italy, in qualit\u00e0 di titolare del trattamento (in seguito, \u201cTitolare\u201d), informa ai sensi dell\u2019art. 13 D.Lgs. 30.6.2003 n. 196 (in seguito, \u201cCodice Privacy\u201d) e dell\u2019art. 13 Regolamento UE n. 2016\/679 (in seguito, \u201cGDPR\u201d) che i Suoi dati saranno trattati con le modalit\u00e0 e per le finalit\u00e0 seguenti.\n1. Oggetto del trattamento\nTrattiamo Suoi dati personali prevalentemente identificativi e non sensibili: in particolare, sono sicuramente tali i dati di contatto che Lei ci comunica attraverso la compilazione del modulo \u201ccontatti\u201d presente sul sito, e Lei potrebbe allegare anche informazioni (es. dati sulla salute, opinioni religiose o politiche, appartenenza ad organizzazioni sindacali) che rientrano tra i dati che le norme vigenti definiscono \u201cparticolari o sensibili\u201d. Teniamo a precisare che tali informazioni non sono da noi richieste e, laddove Lei ritenesse comunque opportuno portarle a nostra conoscenza, La informiamo che dovr\u00e0 prestare apposito consenso al loro trattamento, in mancanza del quale ci troveremo costretti a distruggere le informazioni da Lei inviate, senza potercene in alcun modo avvalere.\n2. Finalit\u00e0 del trattamento\nI Suoi dati personali sono trattati:\nA) Senza il Suo consenso espresso, per dare riscontro episodico alla Sua richiesta di contatto.\nB) Solo a seguito di specifico e distinto consenso da parte Sua, assolutamente facoltativo, i Suoi dati personali potranno essere utilizzati per consentirci di avere con Lei una pi\u00f9 ampia possibilit\u00e0 di contatto che ci consenta, ad esempio, di mantenere i Suoi dati all'interno dei nostri archivi, o di poterLe inviare anche una mail per informarLa delle nostre iniziative.\nLe chiediamo quindi di volerci fornire il Suo consenso al trattamento dei dati personali: Le garantiamo che sar\u00e0 nostra cura non abusarne. Non trasferiremo a nessuno la possibilit\u00e0 di utilizzare le informazioni che vorr\u00e0 fornirci e le tuteleremo con la massima attenzione.\n3. Natura obbligatoria o facoltativa del conferimento dei dati\nLei \u00e8 pienamente libero di consentirci o meno di trattare i Suoi dati personali. Il loro mancato conferimento pu\u00f2 tuttavia comportare l\u2019impossibilit\u00e0 di realizzare le finalit\u00e0 indicate nella lett B) del punto precedente.\n4. Modalit\u00e0 del trattamento \u2013 Tempo di conservazione dei dati\nIl trattamento dei Suoi dati personali avverr\u00e0 in modo da garantirne la sicurezza logica e fisica e la riservatezza e potr\u00e0 essere effettuato attraverso strumenti manuali, informatici e telematici atti a memorizzare, trasmettere e condividere i dati stessi.\nTratteremo i dati personali per il tempo necessario per adempiere alle finalit\u00e0 di cui sopra e comunque per non oltre 10 anni dall'ottenimento del Suo consenso per le finalit\u00e0 di cui al punto 2 lett B).\n5. Accesso ai dati\nI Suoi dati potranno essere resi accessibili a:\nsoci, dipendenti e collaboratori del Titolare, nella loro qualit\u00e0 di incaricati e\/o responsabili interni del trattamento e\/o amministratori di sistema;\nnel caso in cui al nostro contatto facesse seguito un rapporto commerciale, a dipendenti e collaboratori di Sys-Thema srl, Via Luigi Pirandello, 14, 63827, Pedaso (FM), P.IVA 01047800444, che operer\u00e0 in qualit\u00e0 di Responsabile esterno nominato ai fini dell'attivit\u00e0 di assistenza e manutenzione al ns.software di contabilit\u00e0 generale;\n6. Comunicazione dei dati\nSenza Suo espresso consenso, i Suoi dati potranno essere comunicati per le finalit\u00e0 di cui punto 2 lett A) a: organismi di vigilanza, autorit\u00e0 giudiziarie nonch\u00e9 a tutti gli altri soggetti ai quali la comunicazione sia obbligatoria per legge per l\u2019espletamento delle finalit\u00e0 indicate.\nCon il Suo consenso i dati potranno essere comunicati a nostri partner esclusivamente per conseguire una efficace gestione dei rapporti commerciali in corso con la nostra Azienda.\nI Suoi dati non saranno comunicati a terzi diversi da quelli sopra indicati, n\u00e9 tantomeno diffusi.\n7. Diritti dell\u2019interessato\nLei ha i diritti di cui all\u2019art. 7 Codice Privacy e art. 15 GDPR e precisamente i diritti di:\nottenere la conferma dell'esistenza o meno di dati personali che La riguardano, anche se non ancora registrati, e la loro comunicazione in forma intelligibile;\nottenere l'indicazione: a) dell'origine dei dati personali; b) delle finalit\u00e0 e modalit\u00e0 del trattamento; c) della logica applicata in caso di trattamento effettuato con l'ausilio di strumenti elettronici; d) degli estremi identificativi del titolare, dei responsabili e del rappresentante designato ai sensi dell'art. 5, comma 2 Codice Privacy e art. 3, comma 1, GDPR; e) dei soggetti o delle categorie di soggetti ai quali i dati personali possono essere comunicati o che possono venirne a conoscenza in qualit\u00e0 di rappresentante designato nel territorio dello Stato, di responsabili o incaricati;\nottenere: a) l'aggiornamento, la rettificazione ovvero, quando vi hai interesse, l'integrazione dei dati; b) la cancellazione, la trasformazione in forma anonima o il blocco dei dati trattati in violazione di legge, compresi quelli di cui non \u00e8 necessaria la conservazione in relazione agli scopi per i quali i dati sono stati raccolti o successivamente trattati; c) l'attestazione che le operazioni di cui alle lettere a) e b) sono state portate a conoscenza, anche per quanto riguarda il loro contenuto, di coloro ai quali i dati sono stati comunicati o diffusi, eccettuato il caso in cui tale adempimento si rivela impossibile o comporta un impiego di mezzi manifestamente sproporzionato rispetto al diritto tutelato;\nopporsi, in tutto o in parte: a) per motivi legittimi al trattamento dei dati personali che La riguardano, ancorch\u00e9 pertinenti allo scopo della raccolta; b) al trattamento di dati personali che La riguardano a fini di invio di materiale pubblicitario o di vendita diretta o per il compimento di ricerche di mercato o di comunicazione commerciale, mediante l\u2019uso di sistemi automatizzati di chiamata senza l\u2019intervento di un operatore mediante email e\/o mediante modalit\u00e0 di marketing tradizionali mediante telefono e\/o posta cartacea. Si fa presente che il diritto di opposizione dell\u2019interessato, esposto al precedente punto b), per finalit\u00e0 di marketing diretto mediante modalit\u00e0 automatizzate si estende a quelle tradizionali e che comunque resta salva la possibilit\u00e0 per l\u2019interessato di esercitare il diritto di opposizione anche solo in parte. Pertanto, l\u2019interessato pu\u00f2 decidere di ricevere solo comunicazioni mediante modalit\u00e0 tradizionali ovvero solo comunicazioni automatizzate oppure nessuna delle due tipologie di comunicazione.\nOve applicabili, ha altres\u00ec i diritti di cui agli artt. 16-21 GDPR (Diritto di rettifica, diritto all\u2019oblio, diritto di limitazione di trattamento, diritto alla portabilit\u00e0 dei dati, diritto di opposizione), nonch\u00e9 il diritto di reclamo all\u2019Autorit\u00e0 Garante.\n\n8. Modalit\u00e0 di esercizio dei diritti\nPotr\u00e0 in qualsiasi momento esercitare i Suoi diritti inviando:\nuna raccomandata a.r. a Tulli Ospitalit\u00e0 S.r.l., Loc. Sant\u2019Angelo 3\/4 - 06030 Sellano (Pg) - Italia\nuna e-mail all\u2019indirizzo info@conventoacquapremula.com\n\n9. Titolare del trattamento\nIl Titolare del trattamento \u00e8 Tulli Ospitalit\u00e0 S.r.l., in persona del legale rapp.te p.t., con sede in Loc. Sant\u2019Angelo 3\/4 - 06030 Sellano (Pg) \u2013 Italia.\n\tDistinti saluti\n\t\t\t\t\t\t\t\tTulli Ospitalit\u00e0 S.r.l.\n\n***************\nCONSENSO AL TRATTAMENTO DEI DATI PERSONALI\n\nDichiaro di aver ricevuto l'informativa sopra esposta, ritenendola comprensibile ed esauriente, ed esprime il consenso al trattamento ed alla comunicazione dei propri dati personali nei limiti, per le finalit\u00e0 e per la durata precisati nell\u2019informativa.<\/span><\/label><\/span><\/span><\/span><\/p>\n<p><span class=\"wpcf7-form-control-wrap quiz-493\"><label><span class=\"wpcf7-quiz-label\">3+2=?<\/span> <input type=\"text\" name=\"quiz-493\" size=\"40\" class=\"wpcf7-form-control wpcf7-quiz\" autocomplete=\"off\" aria-required=\"true\" aria-invalid=\"false\" \/><\/label><input type=\"hidden\" name=\"_wpcf7_quiz_answer_quiz-493\" value=\"1e5f6e2c30b4c0dad6fd539482df8ac0\" \/><\/span><\/p>\n<p><input type=\"submit\" value=\"INVIA\" class=\"wpcf7-form-control wpcf7-submit\" \/><\/p>\n<div class=\"wpcf7-response-output\" aria-hidden=\"true\"><\/div><\/form><\/div>[\/vc_column][vc_column width=&#8221;1\/4&#8243;][\/vc_column][\/vc_row]<\/p>\n","protected":false},"excerpt":{"rendered":"<p>[vc_row][vc_column width=&#8221;1\/4&#8243;][\/vc_column][vc_column width=&#8221;1\/2&#8243;][vc_column_text]IL CONVENTO DI ACQUA PREMULA, si trova in localit\u00e0 Cappuccini, 1 \u2013 06030 Sellano PG. Il servizio ristorante presso LA FORESTERIA, per gli alloggiati, \u00e8 disponibile tutti i giorni dalle 12:00 alle 15:00 e dalle 19:00 alle 22:00.\u00a0 Chiamaci al numero 0039 0743 926663 o prenota direttamente da qui. Scrivi la Tua richiesta &hellip;<\/p>\n","protected":false},"author":1,"featured_media":0,"parent":0,"menu_order":0,"comment_status":"closed","ping_status":"closed","template":"","meta":[],"_links":{"self":[{"href":"https:\/\/conventodiacquapremula.com\/index.php?rest_route=\/wp\/v2\/pages\/90"}],"collection":[{"href":"https:\/\/conventodiacquapremula.com\/index.php?rest_route=\/wp\/v2\/pages"}],"about":[{"href":"https:\/\/conventodiacquapremula.com\/index.php?rest_route=\/wp\/v2\/types\/page"}],"author":[{"embeddable":true,"href":"https:\/\/conventodiacquapremula.com\/index.php?rest_route=\/wp\/v2\/users\/1"}],"replies":[{"embeddable":true,"href":"https:\/\/conventodiacquapremula.com\/index.php?rest_route=%2Fwp%2Fv2%2Fcomments&post=90"}],"version-history":[{"count":3,"href":"https:\/\/conventodiacquapremula.com\/index.php?rest_route=\/wp\/v2\/pages\/90\/revisions"}],"predecessor-version":[{"id":277,"href":"https:\/\/conventodiacquapremula.com\/index.php?rest_route=\/wp\/v2\/pages\/90\/revisions\/277"}],"wp:attachment":[{"href":"https:\/\/conventodiacquapremula.com\/index.php?rest_route=%2Fwp%2Fv2%2Fmedia&parent=90"}],"curies":[{"name":"wp","href":"https:\/\/api.w.org\/{rel}","templated":true}]}}